{"id":9,"date":"2022-04-13T13:48:20","date_gmt":"2022-04-13T13:48:20","guid":{"rendered":"http:\/\/alertasdelplata.com\/?page_id=9"},"modified":"2025-11-11T21:02:36","modified_gmt":"2025-11-12T00:02:36","slug":"alertas-del-plata","status":"publish","type":"page","link":"https:\/\/alertasdelplata.com\/","title":{"rendered":"Alertas del Plata"},"content":{"rendered":"\n<p>Difundimos diariamente -cada 6 horas- pron\u00f3sticos a 96 horas de la marea corregida por la delta o incidencia de los vientos (direcci\u00f3n, intensidad, y horas de permanencia) sobre la base de la marea astron\u00f3mica para estos puertos:<\/p>\n\n\n\n<ul class=\"wp-block-list\">\n\n<li><a href=\"https:\/\/alertasdelplata.com\/index.php\/2025\/11\/06\/baires\/\">Altura de Marea \u2013 Buenos Aires<\/a><\/li>\n\n\n<li><a href=\"https:\/\/alertasdelplata.com\/index.php\/2025\/11\/06\/colonia\/\">Altura de Marea \u2013 Colonia<\/a><\/li>\n\n\n<li><a href=\"https:\/\/alertasdelplata.com\/index.php\/2025\/11\/06\/mgarcia\/\">Altura de Marea \u2013 Isla Mart\u00edn Garc\u00eda<\/a><\/li>\n\n\n<li><a href=\"https:\/\/alertasdelplata.com\/index.php\/2025\/11\/06\/laplata\/\">Altura de Marea \u2013 La Plata<\/a><\/li>\n\n\n<li><a href=\"https:\/\/alertasdelplata.com\/index.php\/2025\/11\/06\/mvd\/\">Altura de Marea \u2013 Montevideo<\/a><\/li>\n\n\n<li><a href=\"https:\/\/alertasdelplata.com\/index.php\/2022\/05\/12\/sanfer\/\">Altura de Marea \u2013 San Fernando<\/a><\/li>\n\n\n<li><a href=\"https:\/\/alertasdelplata.com\/index.php\/2023\/06\/28\/instrucciones-y-recomendaciones\/\">Instrucciones<\/a><\/li>\n\n<\/ul>\n\n\n\n<p><\/p>\n\n\n\n<figure class=\"wp-block-image size-large\"><img fetchpriority=\"high\" decoding=\"async\" width=\"640\" height=\"424\" src=\"https:\/\/alertasdelplata.com\/wp-content\/uploads\/2022\/04\/riodelaplatasat-1.png\" alt=\"\" class=\"wp-image-8\" srcset=\"https:\/\/alertasdelplata.com\/wp-content\/uploads\/2022\/04\/riodelaplatasat-1.png 640w, https:\/\/alertasdelplata.com\/wp-content\/uploads\/2022\/04\/riodelaplatasat-1-300x199.png 300w\" sizes=\"(max-width: 640px) 100vw, 640px\" \/><\/figure>\n","protected":false},"excerpt":{"rendered":"<p>Difundimos diariamente -cada 6 horas- pron\u00f3sticos a 96 horas de la marea corregida por la delta o incidencia de los vientos (direcci\u00f3n, intensidad, y horas de permanencia) sobre la base de la marea astron\u00f3mica para estos puertos:<\/p>\n","protected":false},"author":1,"featured_media":0,"parent":0,"menu_order":0,"comment_status":"closed","ping_status":"closed","template":"","meta":{"_themeisle_gutenberg_block_has_review":false,"footnotes":""},"class_list":["post-9","page","type-page","status-publish","hentry"],"_links":{"self":[{"href":"https:\/\/alertasdelplata.com\/index.php\/wp-json\/wp\/v2\/pages\/9","targetHints":{"allow":["GET"]}}],"collection":[{"href":"https:\/\/alertasdelplata.com\/index.php\/wp-json\/wp\/v2\/pages"}],"about":[{"href":"https:\/\/alertasdelplata.com\/index.php\/wp-json\/wp\/v2\/types\/page"}],"author":[{"embeddable":true,"href":"https:\/\/alertasdelplata.com\/index.php\/wp-json\/wp\/v2\/users\/1"}],"replies":[{"embeddable":true,"href":"https:\/\/alertasdelplata.com\/index.php\/wp-json\/wp\/v2\/comments?post=9"}],"version-history":[{"count":0,"href":"https:\/\/alertasdelplata.com\/index.php\/wp-json\/wp\/v2\/pages\/9\/revisions"}],"wp:attachment":[{"href":"https:\/\/alertasdelplata.com\/index.php\/wp-json\/wp\/v2\/media?parent=9"}],"curies":[{"name":"wp","href":"https:\/\/api.w.org\/{rel}","templated":true}]}}